{"id":4456,"date":"2023-07-11T03:21:54","date_gmt":"2023-07-11T07:21:54","guid":{"rendered":"https:\/\/nexgrip.webloft.dev\/bottes-crampons-retractables\/ice-flint\/"},"modified":"2025-09-13T16:05:16","modified_gmt":"2025-09-13T20:05:16","slug":"ice-flint","status":"publish","type":"product","link":"https:\/\/www.nexgrip.com\/en\/retractable-cleat-boots\/ice-flint\/","title":{"rendered":"Ice FLINT"},"content":{"rendered":"<ul>\n<li>Zone de confort allant jusqu&#8217;\u00e0 -35C<\/li>\n<li>Grandeur homme jusqu&#8217;\u00e0 16<\/li>\n<li>Crampon r\u00e9tractable combin\u00e9 avec semelle anti-d\u00e9rapante<\/li>\n<li>100 % Cuir V\u00e9ritable<\/li>\n<li>100 % Membrane imperm\u00e9able<\/li>\n<li>Fermeture \u00c9clair Imperm\u00e9able<\/li>\n<li>Doublure fait de 50% laine\/50%polyester<\/li>\n<li>200 gr Thinsulate isolation<\/li>\n<li>Fausse semelle amovible de Polyur\u00e9thane lamin\u00e9 de 50% laine\/50%polyester<\/li>\n<li>Fausse semelle coupe-froid amovible en Aluminium\/Feutre<\/li>\n<li>Semelle de vrai caoutchouc<\/li>\n<li>Crampon fait en acier inoxydable &#8211; Anti corrosion<\/li>\n<li>Crampon de remplacement possible<\/li>\n<li>Nouveau concept de semelle \u00e0 crampon brevet\u00e9e<\/li>\n<\/ul>\n","protected":false},"excerpt":{"rendered":"<p>Zone de confort allant jusqu&#8217;\u00e0 -35C Grandeur homme jusqu&#8217;\u00e0 16 Crampon r\u00e9tractable combin\u00e9 avec semelle anti-d\u00e9rapante 100 % Cuir V\u00e9ritable 100 % Membrane imperm\u00e9able Fermeture \u00c9clair Imperm\u00e9able Doublure fait de 50% laine\/50%polyester 200 gr Thinsulate isolation Fausse semelle amovible de Polyur\u00e9thane lamin\u00e9 de 50% laine\/50%polyester Fausse semelle coupe-froid amovible en Aluminium\/Feutre Semelle de vrai caoutchouc [&hellip;]<\/p>\n","protected":false},"featured_media":4139,"template":"","meta":[],"product_brand":[],"product_cat":[98,100],"product_tag":[],"class_list":{"0":"post-4456","1":"product","2":"type-product","3":"status-publish","4":"has-post-thumbnail","6":"product_cat-mens","7":"product_cat-urbain","9":"first","10":"instock","11":"shipping-taxable","12":"purchasable","13":"product-type-variable"},"yoast_head":"<!-- This site is optimized with the Yoast SEO plugin v27.4 - https:\/\/yoast.com\/product\/yoast-seo-wordpress\/ -->\n<title>Ice FLINT - NexGrip Canada<\/title>\n<meta name=\"robots\" content=\"index, follow, max-snippet:-1, max-image-preview:large, max-video-preview:-1\" \/>\n<link rel=\"canonical\" href=\"https:\/\/www.nexgrip.com\/en\/retractable-cleat-boots\/ice-flint\/\" \/>\n<meta property=\"og:locale\" content=\"en_US\" \/>\n<meta property=\"og:type\" content=\"article\" \/>\n<meta property=\"og:title\" content=\"Ice FLINT - NexGrip Canada\" \/>\n<meta property=\"og:description\" content=\"Zone de confort allant jusqu&#8217;\u00e0 -35C Grandeur homme jusqu&#8217;\u00e0 16 Crampon r\u00e9tractable combin\u00e9 avec semelle anti-d\u00e9rapante 100 % Cuir V\u00e9ritable 100 % Membrane imperm\u00e9able Fermeture \u00c9clair Imperm\u00e9able Doublure fait de 50% laine\/50%polyester 200 gr Thinsulate isolation Fausse semelle amovible de Polyur\u00e9thane lamin\u00e9 de 50% laine\/50%polyester Fausse semelle coupe-froid amovible en Aluminium\/Feutre Semelle de vrai caoutchouc [&hellip;]\" \/>\n<meta property=\"og:url\" content=\"https:\/\/www.nexgrip.com\/en\/retractable-cleat-boots\/ice-flint\/\" \/>\n<meta property=\"og:site_name\" content=\"NexGrip Canada\" \/>\n<meta property=\"article:modified_time\" content=\"2025-09-13T20:05:16+00:00\" \/>\n<meta property=\"og:image\" content=\"https:\/\/www.nexgrip.com\/wp-content\/uploads\/2023\/07\/IceFLINT-R0895BLK-F.jpg\" \/>\n\t<meta property=\"og:image:width\" content=\"1500\" \/>\n\t<meta property=\"og:image:height\" content=\"1500\" \/>\n\t<meta property=\"og:image:type\" content=\"image\/jpeg\" \/>\n<meta name=\"twitter:card\" content=\"summary_large_image\" \/>\n<meta name=\"twitter:label1\" content=\"Est. reading time\" \/>\n\t<meta name=\"twitter:data1\" content=\"1 minute\" \/>\n<script type=\"application\/ld+json\" class=\"yoast-schema-graph\">{\"@context\":\"https:\\\/\\\/schema.org\",\"@graph\":[{\"@type\":\"WebPage\",\"@id\":\"https:\\\/\\\/www.nexgrip.com\\\/en\\\/retractable-cleat-boots\\\/ice-flint\\\/\",\"url\":\"https:\\\/\\\/www.nexgrip.com\\\/en\\\/retractable-cleat-boots\\\/ice-flint\\\/\",\"name\":\"Ice FLINT - NexGrip Canada\",\"isPartOf\":{\"@id\":\"https:\\\/\\\/www.nexgrip.com\\\/#website\"},\"primaryImageOfPage\":{\"@id\":\"https:\\\/\\\/www.nexgrip.com\\\/en\\\/retractable-cleat-boots\\\/ice-flint\\\/#primaryimage\"},\"image\":{\"@id\":\"https:\\\/\\\/www.nexgrip.com\\\/en\\\/retractable-cleat-boots\\\/ice-flint\\\/#primaryimage\"},\"thumbnailUrl\":\"https:\\\/\\\/www.nexgrip.com\\\/wp-content\\\/uploads\\\/2023\\\/07\\\/IceFLINT-R0895BLK-F.jpg\",\"datePublished\":\"2023-07-11T07:21:54+00:00\",\"dateModified\":\"2025-09-13T20:05:16+00:00\",\"breadcrumb\":{\"@id\":\"https:\\\/\\\/www.nexgrip.com\\\/en\\\/retractable-cleat-boots\\\/ice-flint\\\/#breadcrumb\"},\"inLanguage\":\"en-US\",\"potentialAction\":[{\"@type\":\"ReadAction\",\"target\":[\"https:\\\/\\\/www.nexgrip.com\\\/en\\\/retractable-cleat-boots\\\/ice-flint\\\/\"]}]},{\"@type\":\"ImageObject\",\"inLanguage\":\"en-US\",\"@id\":\"https:\\\/\\\/www.nexgrip.com\\\/en\\\/retractable-cleat-boots\\\/ice-flint\\\/#primaryimage\",\"url\":\"https:\\\/\\\/www.nexgrip.com\\\/wp-content\\\/uploads\\\/2023\\\/07\\\/IceFLINT-R0895BLK-F.jpg\",\"contentUrl\":\"https:\\\/\\\/www.nexgrip.com\\\/wp-content\\\/uploads\\\/2023\\\/07\\\/IceFLINT-R0895BLK-F.jpg\",\"width\":1500,\"height\":1500},{\"@type\":\"BreadcrumbList\",\"@id\":\"https:\\\/\\\/www.nexgrip.com\\\/en\\\/retractable-cleat-boots\\\/ice-flint\\\/#breadcrumb\",\"itemListElement\":[{\"@type\":\"ListItem\",\"position\":1,\"name\":\"Accueil\",\"item\":\"https:\\\/\\\/www.nexgrip.com\\\/\"},{\"@type\":\"ListItem\",\"position\":2,\"name\":\"Shop\",\"item\":\"https:\\\/\\\/www.nexgrip.com\\\/en\\\/shop\\\/\"},{\"@type\":\"ListItem\",\"position\":3,\"name\":\"Ice FLINT\"}]},{\"@type\":\"WebSite\",\"@id\":\"https:\\\/\\\/www.nexgrip.com\\\/#website\",\"url\":\"https:\\\/\\\/www.nexgrip.com\\\/\",\"name\":\"NexGrip Canada\",\"description\":\"Winter Boots\",\"publisher\":{\"@id\":\"https:\\\/\\\/www.nexgrip.com\\\/#organization\"},\"potentialAction\":[{\"@type\":\"SearchAction\",\"target\":{\"@type\":\"EntryPoint\",\"urlTemplate\":\"https:\\\/\\\/www.nexgrip.com\\\/?s={search_term_string}\"},\"query-input\":{\"@type\":\"PropertyValueSpecification\",\"valueRequired\":true,\"valueName\":\"search_term_string\"}}],\"inLanguage\":\"en-US\"},{\"@type\":\"Organization\",\"@id\":\"https:\\\/\\\/www.nexgrip.com\\\/#organization\",\"name\":\"NexGrip Canada\",\"url\":\"https:\\\/\\\/www.nexgrip.com\\\/\",\"logo\":{\"@type\":\"ImageObject\",\"inLanguage\":\"en-US\",\"@id\":\"https:\\\/\\\/www.nexgrip.com\\\/#\\\/schema\\\/logo\\\/image\\\/\",\"url\":\"https:\\\/\\\/www.nexgrip.com\\\/wp-content\\\/uploads\\\/2023\\\/06\\\/logo-nexgrip.png\",\"contentUrl\":\"https:\\\/\\\/www.nexgrip.com\\\/wp-content\\\/uploads\\\/2023\\\/06\\\/logo-nexgrip.png\",\"width\":400,\"height\":136,\"caption\":\"NexGrip Canada\"},\"image\":{\"@id\":\"https:\\\/\\\/www.nexgrip.com\\\/#\\\/schema\\\/logo\\\/image\\\/\"}}]}<\/script>\n<!-- \/ Yoast SEO plugin. -->","yoast_head_json":{"title":"Ice FLINT - NexGrip Canada","robots":{"index":"index","follow":"follow","max-snippet":"max-snippet:-1","max-image-preview":"max-image-preview:large","max-video-preview":"max-video-preview:-1"},"canonical":"https:\/\/www.nexgrip.com\/en\/retractable-cleat-boots\/ice-flint\/","og_locale":"en_US","og_type":"article","og_title":"Ice FLINT - NexGrip Canada","og_description":"Zone de confort allant jusqu&#8217;\u00e0 -35C Grandeur homme jusqu&#8217;\u00e0 16 Crampon r\u00e9tractable combin\u00e9 avec semelle anti-d\u00e9rapante 100 % Cuir V\u00e9ritable 100 % Membrane imperm\u00e9able Fermeture \u00c9clair Imperm\u00e9able Doublure fait de 50% laine\/50%polyester 200 gr Thinsulate isolation Fausse semelle amovible de Polyur\u00e9thane lamin\u00e9 de 50% laine\/50%polyester Fausse semelle coupe-froid amovible en Aluminium\/Feutre Semelle de vrai caoutchouc [&hellip;]","og_url":"https:\/\/www.nexgrip.com\/en\/retractable-cleat-boots\/ice-flint\/","og_site_name":"NexGrip Canada","article_modified_time":"2025-09-13T20:05:16+00:00","og_image":[{"width":1500,"height":1500,"url":"https:\/\/www.nexgrip.com\/wp-content\/uploads\/2023\/07\/IceFLINT-R0895BLK-F.jpg","type":"image\/jpeg"}],"twitter_card":"summary_large_image","twitter_misc":{"Est. reading time":"1 minute"},"schema":{"@context":"https:\/\/schema.org","@graph":[{"@type":"WebPage","@id":"https:\/\/www.nexgrip.com\/en\/retractable-cleat-boots\/ice-flint\/","url":"https:\/\/www.nexgrip.com\/en\/retractable-cleat-boots\/ice-flint\/","name":"Ice FLINT - NexGrip Canada","isPartOf":{"@id":"https:\/\/www.nexgrip.com\/#website"},"primaryImageOfPage":{"@id":"https:\/\/www.nexgrip.com\/en\/retractable-cleat-boots\/ice-flint\/#primaryimage"},"image":{"@id":"https:\/\/www.nexgrip.com\/en\/retractable-cleat-boots\/ice-flint\/#primaryimage"},"thumbnailUrl":"https:\/\/www.nexgrip.com\/wp-content\/uploads\/2023\/07\/IceFLINT-R0895BLK-F.jpg","datePublished":"2023-07-11T07:21:54+00:00","dateModified":"2025-09-13T20:05:16+00:00","breadcrumb":{"@id":"https:\/\/www.nexgrip.com\/en\/retractable-cleat-boots\/ice-flint\/#breadcrumb"},"inLanguage":"en-US","potentialAction":[{"@type":"ReadAction","target":["https:\/\/www.nexgrip.com\/en\/retractable-cleat-boots\/ice-flint\/"]}]},{"@type":"ImageObject","inLanguage":"en-US","@id":"https:\/\/www.nexgrip.com\/en\/retractable-cleat-boots\/ice-flint\/#primaryimage","url":"https:\/\/www.nexgrip.com\/wp-content\/uploads\/2023\/07\/IceFLINT-R0895BLK-F.jpg","contentUrl":"https:\/\/www.nexgrip.com\/wp-content\/uploads\/2023\/07\/IceFLINT-R0895BLK-F.jpg","width":1500,"height":1500},{"@type":"BreadcrumbList","@id":"https:\/\/www.nexgrip.com\/en\/retractable-cleat-boots\/ice-flint\/#breadcrumb","itemListElement":[{"@type":"ListItem","position":1,"name":"Accueil","item":"https:\/\/www.nexgrip.com\/"},{"@type":"ListItem","position":2,"name":"Shop","item":"https:\/\/www.nexgrip.com\/en\/shop\/"},{"@type":"ListItem","position":3,"name":"Ice FLINT"}]},{"@type":"WebSite","@id":"https:\/\/www.nexgrip.com\/#website","url":"https:\/\/www.nexgrip.com\/","name":"NexGrip Canada","description":"Winter Boots","publisher":{"@id":"https:\/\/www.nexgrip.com\/#organization"},"potentialAction":[{"@type":"SearchAction","target":{"@type":"EntryPoint","urlTemplate":"https:\/\/www.nexgrip.com\/?s={search_term_string}"},"query-input":{"@type":"PropertyValueSpecification","valueRequired":true,"valueName":"search_term_string"}}],"inLanguage":"en-US"},{"@type":"Organization","@id":"https:\/\/www.nexgrip.com\/#organization","name":"NexGrip Canada","url":"https:\/\/www.nexgrip.com\/","logo":{"@type":"ImageObject","inLanguage":"en-US","@id":"https:\/\/www.nexgrip.com\/#\/schema\/logo\/image\/","url":"https:\/\/www.nexgrip.com\/wp-content\/uploads\/2023\/06\/logo-nexgrip.png","contentUrl":"https:\/\/www.nexgrip.com\/wp-content\/uploads\/2023\/06\/logo-nexgrip.png","width":400,"height":136,"caption":"NexGrip Canada"},"image":{"@id":"https:\/\/www.nexgrip.com\/#\/schema\/logo\/image\/"}}]}},"_links":{"self":[{"href":"https:\/\/www.nexgrip.com\/en\/wp-json\/wp\/v2\/product\/4456","targetHints":{"allow":["GET"]}}],"collection":[{"href":"https:\/\/www.nexgrip.com\/en\/wp-json\/wp\/v2\/product"}],"about":[{"href":"https:\/\/www.nexgrip.com\/en\/wp-json\/wp\/v2\/types\/product"}],"wp:featuredmedia":[{"embeddable":true,"href":"https:\/\/www.nexgrip.com\/en\/wp-json\/wp\/v2\/media\/4139"}],"wp:attachment":[{"href":"https:\/\/www.nexgrip.com\/en\/wp-json\/wp\/v2\/media?parent=4456"}],"wp:term":[{"taxonomy":"product_brand","embeddable":true,"href":"https:\/\/www.nexgrip.com\/en\/wp-json\/wp\/v2\/product_brand?post=4456"},{"taxonomy":"product_cat","embeddable":true,"href":"https:\/\/www.nexgrip.com\/en\/wp-json\/wp\/v2\/product_cat?post=4456"},{"taxonomy":"product_tag","embeddable":true,"href":"https:\/\/www.nexgrip.com\/en\/wp-json\/wp\/v2\/product_tag?post=4456"}],"curies":[{"name":"wp","href":"https:\/\/api.w.org\/{rel}","templated":true}]}}