{"id":865,"date":"2023-07-11T03:21:47","date_gmt":"2023-07-11T07:21:47","guid":{"rendered":"https:\/\/nexgrip.webloft.dev\/bottes-crampons-retractables\/ice-alta-copy-copy-copy-copy-copy-copy-copy-copy-copy-copy\/"},"modified":"2026-04-22T12:33:13","modified_gmt":"2026-04-22T16:33:13","slug":"ice-defender","status":"publish","type":"product","link":"https:\/\/www.nexgrip.com\/dev\/boutique\/homme\/sport\/ice-defender\/","title":{"rendered":"Ice DEFENDER"},"content":{"rendered":"<ul>\n<li>Zone de confort allant jusqu&#8217;\u00e0 -80C<\/li>\n<li>Grandeur homme jusqu&#8217;\u00e0 16<\/li>\n<li>Crampon r\u00e9tractable combin\u00e9 avec semelle anti-d\u00e9rapante<\/li>\n<li>Coquille fait de TPU<\/li>\n<li>100 % Cuir V\u00e9ritable<\/li>\n<li>100 % Membrane imperm\u00e9able<\/li>\n<li>Chausson amovible<\/li>\n<li>Fermeture \u00c9clair Imperm\u00e9able<\/li>\n<li>600 gr Thinsulate isolation<\/li>\n<li>Fausse semelle amovible de Polyur\u00e9thane lamin\u00e9 de 50% laine\/50%polyester<\/li>\n<li>Fausse semelle coupe-froid amovible en Aluminium\/Feutre<\/li>\n<li>Semelle de vrai caoutchouc<\/li>\n<li>Crampon fait en acier inoxydable &#8211; Anti corrosion<\/li>\n<li>Crampon de remplacement possible<\/li>\n<li>Nouveau concept de semelle \u00e0 crampon brevet\u00e9e<\/li>\n<\/ul>\n","protected":false},"excerpt":{"rendered":"<p>Zone de confort allant jusqu&#8217;\u00e0 -80C Grandeur homme jusqu&#8217;\u00e0 16 Crampon r\u00e9tractable combin\u00e9 avec semelle anti-d\u00e9rapante Coquille fait de TPU 100 % Cuir V\u00e9ritable 100 % Membrane imperm\u00e9able Chausson amovible Fermeture \u00c9clair Imperm\u00e9able 600 gr Thinsulate isolation Fausse semelle amovible de Polyur\u00e9thane lamin\u00e9 de 50% laine\/50%polyester Fausse semelle coupe-froid amovible en Aluminium\/Feutre Semelle de vrai [&hellip;]<\/p>\n","protected":false},"featured_media":4122,"template":"","meta":[],"product_brand":[],"product_cat":[91,48],"product_tag":[255],"class_list":{"0":"post-865","1":"product","2":"type-product","3":"status-publish","4":"has-post-thumbnail","6":"product_cat-sport","7":"product_cat-homme","8":"product_tag-bottes","10":"first","11":"instock","12":"shipping-taxable","13":"purchasable","14":"product-type-variable"},"yoast_head":"<!-- This site is optimized with the Yoast SEO plugin v27.4 - https:\/\/yoast.com\/product\/yoast-seo-wordpress\/ -->\n<title>Ice DEFENDER - NexGrip Canada<\/title>\n<meta name=\"robots\" content=\"noindex, follow, max-snippet:-1, max-image-preview:large, max-video-preview:-1\" \/>\n<meta property=\"og:locale\" content=\"fr_FR\" \/>\n<meta property=\"og:type\" content=\"article\" \/>\n<meta property=\"og:title\" content=\"Ice DEFENDER - NexGrip Canada\" \/>\n<meta property=\"og:description\" content=\"Zone de confort allant jusqu&#8217;\u00e0 -80C Grandeur homme jusqu&#8217;\u00e0 16 Crampon r\u00e9tractable combin\u00e9 avec semelle anti-d\u00e9rapante Coquille fait de TPU 100 % Cuir V\u00e9ritable 100 % Membrane imperm\u00e9able Chausson amovible Fermeture \u00c9clair Imperm\u00e9able 600 gr Thinsulate isolation Fausse semelle amovible de Polyur\u00e9thane lamin\u00e9 de 50% laine\/50%polyester Fausse semelle coupe-froid amovible en Aluminium\/Feutre Semelle de vrai [&hellip;]\" \/>\n<meta property=\"og:url\" content=\"https:\/\/www.nexgrip.com\/dev\/boutique\/homme\/sport\/ice-defender\/\" \/>\n<meta property=\"og:site_name\" content=\"NexGrip Canada\" \/>\n<meta property=\"article:modified_time\" content=\"2026-04-22T16:33:13+00:00\" \/>\n<meta property=\"og:image\" content=\"https:\/\/www.nexgrip.com\/dev\/wp-content\/uploads\/2023\/07\/IceDEFENDER-RTPU0697BLK-F.jpg\" \/>\n\t<meta property=\"og:image:width\" content=\"1500\" \/>\n\t<meta property=\"og:image:height\" content=\"1500\" \/>\n\t<meta property=\"og:image:type\" content=\"image\/jpeg\" \/>\n<meta name=\"twitter:card\" content=\"summary_large_image\" \/>\n<meta name=\"twitter:label1\" content=\"Dur\u00e9e de lecture estim\u00e9e\" \/>\n\t<meta name=\"twitter:data1\" content=\"1 minute\" \/>\n<script type=\"application\/ld+json\" class=\"yoast-schema-graph\">{\"@context\":\"https:\\\/\\\/schema.org\",\"@graph\":[{\"@type\":\"WebPage\",\"@id\":\"https:\\\/\\\/www.nexgrip.com\\\/dev\\\/boutique\\\/homme\\\/sport\\\/ice-defender\\\/\",\"url\":\"https:\\\/\\\/www.nexgrip.com\\\/dev\\\/boutique\\\/homme\\\/sport\\\/ice-defender\\\/\",\"name\":\"Ice DEFENDER - NexGrip Canada\",\"isPartOf\":{\"@id\":\"https:\\\/\\\/www.nexgrip.com\\\/dev\\\/#website\"},\"primaryImageOfPage\":{\"@id\":\"https:\\\/\\\/www.nexgrip.com\\\/dev\\\/boutique\\\/homme\\\/sport\\\/ice-defender\\\/#primaryimage\"},\"image\":{\"@id\":\"https:\\\/\\\/www.nexgrip.com\\\/dev\\\/boutique\\\/homme\\\/sport\\\/ice-defender\\\/#primaryimage\"},\"thumbnailUrl\":\"https:\\\/\\\/www.nexgrip.com\\\/dev\\\/wp-content\\\/uploads\\\/2023\\\/07\\\/IceDEFENDER-RTPU0697BLK-F.jpg\",\"datePublished\":\"2023-07-11T07:21:47+00:00\",\"dateModified\":\"2026-04-22T16:33:13+00:00\",\"breadcrumb\":{\"@id\":\"https:\\\/\\\/www.nexgrip.com\\\/dev\\\/boutique\\\/homme\\\/sport\\\/ice-defender\\\/#breadcrumb\"},\"inLanguage\":\"fr-FR\",\"potentialAction\":[{\"@type\":\"ReadAction\",\"target\":[\"https:\\\/\\\/www.nexgrip.com\\\/dev\\\/boutique\\\/homme\\\/sport\\\/ice-defender\\\/\"]}]},{\"@type\":\"ImageObject\",\"inLanguage\":\"fr-FR\",\"@id\":\"https:\\\/\\\/www.nexgrip.com\\\/dev\\\/boutique\\\/homme\\\/sport\\\/ice-defender\\\/#primaryimage\",\"url\":\"https:\\\/\\\/www.nexgrip.com\\\/dev\\\/wp-content\\\/uploads\\\/2023\\\/07\\\/IceDEFENDER-RTPU0697BLK-F.jpg\",\"contentUrl\":\"https:\\\/\\\/www.nexgrip.com\\\/dev\\\/wp-content\\\/uploads\\\/2023\\\/07\\\/IceDEFENDER-RTPU0697BLK-F.jpg\",\"width\":1500,\"height\":1500},{\"@type\":\"BreadcrumbList\",\"@id\":\"https:\\\/\\\/www.nexgrip.com\\\/dev\\\/boutique\\\/homme\\\/sport\\\/ice-defender\\\/#breadcrumb\",\"itemListElement\":[{\"@type\":\"ListItem\",\"position\":1,\"name\":\"Accueil\",\"item\":\"https:\\\/\\\/www.nexgrip.com\\\/dev\\\/\"},{\"@type\":\"ListItem\",\"position\":2,\"name\":\"Boutique\",\"item\":\"https:\\\/\\\/www.nexgrip.com\\\/dev\\\/boutique\\\/\"},{\"@type\":\"ListItem\",\"position\":3,\"name\":\"Ice DEFENDER\"}]},{\"@type\":\"WebSite\",\"@id\":\"https:\\\/\\\/www.nexgrip.com\\\/dev\\\/#website\",\"url\":\"https:\\\/\\\/www.nexgrip.com\\\/dev\\\/\",\"name\":\"NexGrip Canada\",\"description\":\"Winter Boots\",\"publisher\":{\"@id\":\"https:\\\/\\\/www.nexgrip.com\\\/dev\\\/#organization\"},\"potentialAction\":[{\"@type\":\"SearchAction\",\"target\":{\"@type\":\"EntryPoint\",\"urlTemplate\":\"https:\\\/\\\/www.nexgrip.com\\\/dev\\\/?s={search_term_string}\"},\"query-input\":{\"@type\":\"PropertyValueSpecification\",\"valueRequired\":true,\"valueName\":\"search_term_string\"}}],\"inLanguage\":\"fr-FR\"},{\"@type\":\"Organization\",\"@id\":\"https:\\\/\\\/www.nexgrip.com\\\/dev\\\/#organization\",\"name\":\"NexGrip Canada\",\"url\":\"https:\\\/\\\/www.nexgrip.com\\\/dev\\\/\",\"logo\":{\"@type\":\"ImageObject\",\"inLanguage\":\"fr-FR\",\"@id\":\"https:\\\/\\\/www.nexgrip.com\\\/dev\\\/#\\\/schema\\\/logo\\\/image\\\/\",\"url\":\"https:\\\/\\\/www.nexgrip.com\\\/dev\\\/wp-content\\\/uploads\\\/2023\\\/06\\\/logo-nexgrip.png\",\"contentUrl\":\"https:\\\/\\\/www.nexgrip.com\\\/dev\\\/wp-content\\\/uploads\\\/2023\\\/06\\\/logo-nexgrip.png\",\"width\":400,\"height\":136,\"caption\":\"NexGrip Canada\"},\"image\":{\"@id\":\"https:\\\/\\\/www.nexgrip.com\\\/dev\\\/#\\\/schema\\\/logo\\\/image\\\/\"}}]}<\/script>\n<!-- \/ Yoast SEO plugin. -->","yoast_head_json":{"title":"Ice DEFENDER - NexGrip Canada","robots":{"index":"noindex","follow":"follow","max-snippet":"max-snippet:-1","max-image-preview":"max-image-preview:large","max-video-preview":"max-video-preview:-1"},"og_locale":"fr_FR","og_type":"article","og_title":"Ice DEFENDER - NexGrip Canada","og_description":"Zone de confort allant jusqu&#8217;\u00e0 -80C Grandeur homme jusqu&#8217;\u00e0 16 Crampon r\u00e9tractable combin\u00e9 avec semelle anti-d\u00e9rapante Coquille fait de TPU 100 % Cuir V\u00e9ritable 100 % Membrane imperm\u00e9able Chausson amovible Fermeture \u00c9clair Imperm\u00e9able 600 gr Thinsulate isolation Fausse semelle amovible de Polyur\u00e9thane lamin\u00e9 de 50% laine\/50%polyester Fausse semelle coupe-froid amovible en Aluminium\/Feutre Semelle de vrai [&hellip;]","og_url":"https:\/\/www.nexgrip.com\/dev\/boutique\/homme\/sport\/ice-defender\/","og_site_name":"NexGrip Canada","article_modified_time":"2026-04-22T16:33:13+00:00","og_image":[{"width":1500,"height":1500,"url":"https:\/\/www.nexgrip.com\/dev\/wp-content\/uploads\/2023\/07\/IceDEFENDER-RTPU0697BLK-F.jpg","type":"image\/jpeg"}],"twitter_card":"summary_large_image","twitter_misc":{"Dur\u00e9e de lecture estim\u00e9e":"1 minute"},"schema":{"@context":"https:\/\/schema.org","@graph":[{"@type":"WebPage","@id":"https:\/\/www.nexgrip.com\/dev\/boutique\/homme\/sport\/ice-defender\/","url":"https:\/\/www.nexgrip.com\/dev\/boutique\/homme\/sport\/ice-defender\/","name":"Ice DEFENDER - NexGrip Canada","isPartOf":{"@id":"https:\/\/www.nexgrip.com\/dev\/#website"},"primaryImageOfPage":{"@id":"https:\/\/www.nexgrip.com\/dev\/boutique\/homme\/sport\/ice-defender\/#primaryimage"},"image":{"@id":"https:\/\/www.nexgrip.com\/dev\/boutique\/homme\/sport\/ice-defender\/#primaryimage"},"thumbnailUrl":"https:\/\/www.nexgrip.com\/dev\/wp-content\/uploads\/2023\/07\/IceDEFENDER-RTPU0697BLK-F.jpg","datePublished":"2023-07-11T07:21:47+00:00","dateModified":"2026-04-22T16:33:13+00:00","breadcrumb":{"@id":"https:\/\/www.nexgrip.com\/dev\/boutique\/homme\/sport\/ice-defender\/#breadcrumb"},"inLanguage":"fr-FR","potentialAction":[{"@type":"ReadAction","target":["https:\/\/www.nexgrip.com\/dev\/boutique\/homme\/sport\/ice-defender\/"]}]},{"@type":"ImageObject","inLanguage":"fr-FR","@id":"https:\/\/www.nexgrip.com\/dev\/boutique\/homme\/sport\/ice-defender\/#primaryimage","url":"https:\/\/www.nexgrip.com\/dev\/wp-content\/uploads\/2023\/07\/IceDEFENDER-RTPU0697BLK-F.jpg","contentUrl":"https:\/\/www.nexgrip.com\/dev\/wp-content\/uploads\/2023\/07\/IceDEFENDER-RTPU0697BLK-F.jpg","width":1500,"height":1500},{"@type":"BreadcrumbList","@id":"https:\/\/www.nexgrip.com\/dev\/boutique\/homme\/sport\/ice-defender\/#breadcrumb","itemListElement":[{"@type":"ListItem","position":1,"name":"Accueil","item":"https:\/\/www.nexgrip.com\/dev\/"},{"@type":"ListItem","position":2,"name":"Boutique","item":"https:\/\/www.nexgrip.com\/dev\/boutique\/"},{"@type":"ListItem","position":3,"name":"Ice DEFENDER"}]},{"@type":"WebSite","@id":"https:\/\/www.nexgrip.com\/dev\/#website","url":"https:\/\/www.nexgrip.com\/dev\/","name":"NexGrip Canada","description":"Winter Boots","publisher":{"@id":"https:\/\/www.nexgrip.com\/dev\/#organization"},"potentialAction":[{"@type":"SearchAction","target":{"@type":"EntryPoint","urlTemplate":"https:\/\/www.nexgrip.com\/dev\/?s={search_term_string}"},"query-input":{"@type":"PropertyValueSpecification","valueRequired":true,"valueName":"search_term_string"}}],"inLanguage":"fr-FR"},{"@type":"Organization","@id":"https:\/\/www.nexgrip.com\/dev\/#organization","name":"NexGrip Canada","url":"https:\/\/www.nexgrip.com\/dev\/","logo":{"@type":"ImageObject","inLanguage":"fr-FR","@id":"https:\/\/www.nexgrip.com\/dev\/#\/schema\/logo\/image\/","url":"https:\/\/www.nexgrip.com\/dev\/wp-content\/uploads\/2023\/06\/logo-nexgrip.png","contentUrl":"https:\/\/www.nexgrip.com\/dev\/wp-content\/uploads\/2023\/06\/logo-nexgrip.png","width":400,"height":136,"caption":"NexGrip Canada"},"image":{"@id":"https:\/\/www.nexgrip.com\/dev\/#\/schema\/logo\/image\/"}}]}},"_links":{"self":[{"href":"https:\/\/www.nexgrip.com\/dev\/wp-json\/wp\/v2\/product\/865","targetHints":{"allow":["GET"]}}],"collection":[{"href":"https:\/\/www.nexgrip.com\/dev\/wp-json\/wp\/v2\/product"}],"about":[{"href":"https:\/\/www.nexgrip.com\/dev\/wp-json\/wp\/v2\/types\/product"}],"wp:featuredmedia":[{"embeddable":true,"href":"https:\/\/www.nexgrip.com\/dev\/wp-json\/wp\/v2\/media\/4122"}],"wp:attachment":[{"href":"https:\/\/www.nexgrip.com\/dev\/wp-json\/wp\/v2\/media?parent=865"}],"wp:term":[{"taxonomy":"product_brand","embeddable":true,"href":"https:\/\/www.nexgrip.com\/dev\/wp-json\/wp\/v2\/product_brand?post=865"},{"taxonomy":"product_cat","embeddable":true,"href":"https:\/\/www.nexgrip.com\/dev\/wp-json\/wp\/v2\/product_cat?post=865"},{"taxonomy":"product_tag","embeddable":true,"href":"https:\/\/www.nexgrip.com\/dev\/wp-json\/wp\/v2\/product_tag?post=865"}],"curies":[{"name":"wp","href":"https:\/\/api.w.org\/{rel}","templated":true}]}}