{"id":6556,"date":"2025-09-15T14:18:25","date_gmt":"2025-09-15T18:18:25","guid":{"rendered":"https:\/\/www.nexgrip.com\/?post_type=product&#038;p=6556"},"modified":"2026-04-22T12:35:34","modified_gmt":"2026-04-22T16:35:34","slug":"ice-james","status":"publish","type":"product","link":"https:\/\/www.nexgrip.com\/dev\/boutique\/homme\/urbaine\/ice-james\/","title":{"rendered":"Ice James"},"content":{"rendered":"<ul>\n<li>Zone de confort allant jusqu&#8217;\u00e0 -25C<\/li>\n<li>Grandeur homme jusqu&#8217;\u00e0 13<\/li>\n<li><strong>Largeur 4E disponible<\/strong><\/li>\n<li>Crampon r\u00e9tractable combin\u00e9 avec semelle anti-d\u00e9rapante<\/li>\n<li>100 % Cuir Premium<\/li>\n<li>100 % Membrane imperm\u00e9able<\/li>\n<li>Fermeture \u00c9clair Imperm\u00e9able<\/li>\n<li>Doublure fait de 50% laine\/50%polyester<\/li>\n<li>100 gr Thinsulate isolation<\/li>\n<li>Fausse semelle amovible de Polyur\u00e9thane lamin\u00e9 de 50% laine\/50%polyester<\/li>\n<li>Deuxi\u00e8me Fausse semelle de Polyur\u00e9thane pour temp\u00e9rature plus cl\u00e9mente<\/li>\n<li>Fausse semelle coupe-froid amovible en Aluminium\/Feutre<\/li>\n<li>Semelle de vrai caoutchouc<\/li>\n<li>Crampon fait en acier inoxydable &#8211; Anti corrosion<\/li>\n<li>Crampon de remplacement possible<\/li>\n<li>Nouveau concept de semelle \u00e0 crampon brevet\u00e9e<\/li>\n<\/ul>\n","protected":false},"excerpt":{"rendered":"<p>Zone de confort allant jusqu&#8217;\u00e0 -25C Grandeur homme jusqu&#8217;\u00e0 13 Largeur 4E disponible Crampon r\u00e9tractable combin\u00e9 avec semelle anti-d\u00e9rapante 100 % Cuir Premium 100 % Membrane imperm\u00e9able Fermeture \u00c9clair Imperm\u00e9able Doublure fait de 50% laine\/50%polyester 100 gr Thinsulate isolation Fausse semelle amovible de Polyur\u00e9thane lamin\u00e9 de 50% laine\/50%polyester Deuxi\u00e8me Fausse semelle de Polyur\u00e9thane pour temp\u00e9rature [&hellip;]<\/p>\n","protected":false},"featured_media":6557,"template":"","meta":[],"product_brand":[],"product_cat":[92,48],"product_tag":[255],"class_list":{"0":"post-6556","1":"product","2":"type-product","3":"status-publish","4":"has-post-thumbnail","6":"product_cat-urbaine","7":"product_cat-homme","8":"product_tag-bottes","10":"first","11":"instock","12":"shipping-taxable","13":"purchasable","14":"product-type-variable"},"yoast_head":"<!-- This site is optimized with the Yoast SEO plugin v27.4 - https:\/\/yoast.com\/product\/yoast-seo-wordpress\/ -->\n<title>Ice James - NexGrip Canada<\/title>\n<meta name=\"robots\" content=\"noindex, follow, max-snippet:-1, max-image-preview:large, max-video-preview:-1\" \/>\n<meta property=\"og:locale\" content=\"fr_FR\" \/>\n<meta property=\"og:type\" content=\"article\" \/>\n<meta property=\"og:title\" content=\"Ice James - NexGrip Canada\" \/>\n<meta property=\"og:description\" content=\"Zone de confort allant jusqu&#8217;\u00e0 -25C Grandeur homme jusqu&#8217;\u00e0 13 Largeur 4E disponible Crampon r\u00e9tractable combin\u00e9 avec semelle anti-d\u00e9rapante 100 % Cuir Premium 100 % Membrane imperm\u00e9able Fermeture \u00c9clair Imperm\u00e9able Doublure fait de 50% laine\/50%polyester 100 gr Thinsulate isolation Fausse semelle amovible de Polyur\u00e9thane lamin\u00e9 de 50% laine\/50%polyester Deuxi\u00e8me Fausse semelle de Polyur\u00e9thane pour temp\u00e9rature [&hellip;]\" \/>\n<meta property=\"og:url\" content=\"https:\/\/www.nexgrip.com\/dev\/boutique\/homme\/urbaine\/ice-james\/\" \/>\n<meta property=\"og:site_name\" content=\"NexGrip Canada\" \/>\n<meta property=\"article:modified_time\" content=\"2026-04-22T16:35:34+00:00\" \/>\n<meta property=\"og:image\" content=\"https:\/\/www.nexgrip.com\/dev\/wp-content\/uploads\/2025\/09\/ICE_JAMES-\u2013-grande-taille.jpeg\" \/>\n\t<meta property=\"og:image:width\" content=\"1000\" \/>\n\t<meta property=\"og:image:height\" content=\"1000\" \/>\n\t<meta property=\"og:image:type\" content=\"image\/jpeg\" \/>\n<meta name=\"twitter:card\" content=\"summary_large_image\" \/>\n<meta name=\"twitter:label1\" content=\"Dur\u00e9e de lecture estim\u00e9e\" \/>\n\t<meta name=\"twitter:data1\" content=\"1 minute\" \/>\n<script type=\"application\/ld+json\" class=\"yoast-schema-graph\">{\"@context\":\"https:\\\/\\\/schema.org\",\"@graph\":[{\"@type\":\"WebPage\",\"@id\":\"https:\\\/\\\/www.nexgrip.com\\\/dev\\\/boutique\\\/homme\\\/urbaine\\\/ice-james\\\/\",\"url\":\"https:\\\/\\\/www.nexgrip.com\\\/dev\\\/boutique\\\/homme\\\/urbaine\\\/ice-james\\\/\",\"name\":\"Ice James - NexGrip Canada\",\"isPartOf\":{\"@id\":\"https:\\\/\\\/www.nexgrip.com\\\/dev\\\/#website\"},\"primaryImageOfPage\":{\"@id\":\"https:\\\/\\\/www.nexgrip.com\\\/dev\\\/boutique\\\/homme\\\/urbaine\\\/ice-james\\\/#primaryimage\"},\"image\":{\"@id\":\"https:\\\/\\\/www.nexgrip.com\\\/dev\\\/boutique\\\/homme\\\/urbaine\\\/ice-james\\\/#primaryimage\"},\"thumbnailUrl\":\"https:\\\/\\\/www.nexgrip.com\\\/dev\\\/wp-content\\\/uploads\\\/2025\\\/09\\\/ICE_JAMES-\u2013-grande-taille.jpeg\",\"datePublished\":\"2025-09-15T18:18:25+00:00\",\"dateModified\":\"2026-04-22T16:35:34+00:00\",\"breadcrumb\":{\"@id\":\"https:\\\/\\\/www.nexgrip.com\\\/dev\\\/boutique\\\/homme\\\/urbaine\\\/ice-james\\\/#breadcrumb\"},\"inLanguage\":\"fr-FR\",\"potentialAction\":[{\"@type\":\"ReadAction\",\"target\":[\"https:\\\/\\\/www.nexgrip.com\\\/dev\\\/boutique\\\/homme\\\/urbaine\\\/ice-james\\\/\"]}]},{\"@type\":\"ImageObject\",\"inLanguage\":\"fr-FR\",\"@id\":\"https:\\\/\\\/www.nexgrip.com\\\/dev\\\/boutique\\\/homme\\\/urbaine\\\/ice-james\\\/#primaryimage\",\"url\":\"https:\\\/\\\/www.nexgrip.com\\\/dev\\\/wp-content\\\/uploads\\\/2025\\\/09\\\/ICE_JAMES-\u2013-grande-taille.jpeg\",\"contentUrl\":\"https:\\\/\\\/www.nexgrip.com\\\/dev\\\/wp-content\\\/uploads\\\/2025\\\/09\\\/ICE_JAMES-\u2013-grande-taille.jpeg\",\"width\":1000,\"height\":1000},{\"@type\":\"BreadcrumbList\",\"@id\":\"https:\\\/\\\/www.nexgrip.com\\\/dev\\\/boutique\\\/homme\\\/urbaine\\\/ice-james\\\/#breadcrumb\",\"itemListElement\":[{\"@type\":\"ListItem\",\"position\":1,\"name\":\"Accueil\",\"item\":\"https:\\\/\\\/www.nexgrip.com\\\/dev\\\/\"},{\"@type\":\"ListItem\",\"position\":2,\"name\":\"Boutique\",\"item\":\"https:\\\/\\\/www.nexgrip.com\\\/dev\\\/boutique\\\/\"},{\"@type\":\"ListItem\",\"position\":3,\"name\":\"Ice James\"}]},{\"@type\":\"WebSite\",\"@id\":\"https:\\\/\\\/www.nexgrip.com\\\/dev\\\/#website\",\"url\":\"https:\\\/\\\/www.nexgrip.com\\\/dev\\\/\",\"name\":\"NexGrip Canada\",\"description\":\"Winter Boots\",\"publisher\":{\"@id\":\"https:\\\/\\\/www.nexgrip.com\\\/dev\\\/#organization\"},\"potentialAction\":[{\"@type\":\"SearchAction\",\"target\":{\"@type\":\"EntryPoint\",\"urlTemplate\":\"https:\\\/\\\/www.nexgrip.com\\\/dev\\\/?s={search_term_string}\"},\"query-input\":{\"@type\":\"PropertyValueSpecification\",\"valueRequired\":true,\"valueName\":\"search_term_string\"}}],\"inLanguage\":\"fr-FR\"},{\"@type\":\"Organization\",\"@id\":\"https:\\\/\\\/www.nexgrip.com\\\/dev\\\/#organization\",\"name\":\"NexGrip Canada\",\"url\":\"https:\\\/\\\/www.nexgrip.com\\\/dev\\\/\",\"logo\":{\"@type\":\"ImageObject\",\"inLanguage\":\"fr-FR\",\"@id\":\"https:\\\/\\\/www.nexgrip.com\\\/dev\\\/#\\\/schema\\\/logo\\\/image\\\/\",\"url\":\"https:\\\/\\\/www.nexgrip.com\\\/dev\\\/wp-content\\\/uploads\\\/2023\\\/06\\\/logo-nexgrip.png\",\"contentUrl\":\"https:\\\/\\\/www.nexgrip.com\\\/dev\\\/wp-content\\\/uploads\\\/2023\\\/06\\\/logo-nexgrip.png\",\"width\":400,\"height\":136,\"caption\":\"NexGrip Canada\"},\"image\":{\"@id\":\"https:\\\/\\\/www.nexgrip.com\\\/dev\\\/#\\\/schema\\\/logo\\\/image\\\/\"}}]}<\/script>\n<!-- \/ Yoast SEO plugin. -->","yoast_head_json":{"title":"Ice James - NexGrip Canada","robots":{"index":"noindex","follow":"follow","max-snippet":"max-snippet:-1","max-image-preview":"max-image-preview:large","max-video-preview":"max-video-preview:-1"},"og_locale":"fr_FR","og_type":"article","og_title":"Ice James - NexGrip Canada","og_description":"Zone de confort allant jusqu&#8217;\u00e0 -25C Grandeur homme jusqu&#8217;\u00e0 13 Largeur 4E disponible Crampon r\u00e9tractable combin\u00e9 avec semelle anti-d\u00e9rapante 100 % Cuir Premium 100 % Membrane imperm\u00e9able Fermeture \u00c9clair Imperm\u00e9able Doublure fait de 50% laine\/50%polyester 100 gr Thinsulate isolation Fausse semelle amovible de Polyur\u00e9thane lamin\u00e9 de 50% laine\/50%polyester Deuxi\u00e8me Fausse semelle de Polyur\u00e9thane pour temp\u00e9rature [&hellip;]","og_url":"https:\/\/www.nexgrip.com\/dev\/boutique\/homme\/urbaine\/ice-james\/","og_site_name":"NexGrip Canada","article_modified_time":"2026-04-22T16:35:34+00:00","og_image":[{"width":1000,"height":1000,"url":"https:\/\/www.nexgrip.com\/dev\/wp-content\/uploads\/2025\/09\/ICE_JAMES-\u2013-grande-taille.jpeg","type":"image\/jpeg"}],"twitter_card":"summary_large_image","twitter_misc":{"Dur\u00e9e de lecture estim\u00e9e":"1 minute"},"schema":{"@context":"https:\/\/schema.org","@graph":[{"@type":"WebPage","@id":"https:\/\/www.nexgrip.com\/dev\/boutique\/homme\/urbaine\/ice-james\/","url":"https:\/\/www.nexgrip.com\/dev\/boutique\/homme\/urbaine\/ice-james\/","name":"Ice James - NexGrip Canada","isPartOf":{"@id":"https:\/\/www.nexgrip.com\/dev\/#website"},"primaryImageOfPage":{"@id":"https:\/\/www.nexgrip.com\/dev\/boutique\/homme\/urbaine\/ice-james\/#primaryimage"},"image":{"@id":"https:\/\/www.nexgrip.com\/dev\/boutique\/homme\/urbaine\/ice-james\/#primaryimage"},"thumbnailUrl":"https:\/\/www.nexgrip.com\/dev\/wp-content\/uploads\/2025\/09\/ICE_JAMES-\u2013-grande-taille.jpeg","datePublished":"2025-09-15T18:18:25+00:00","dateModified":"2026-04-22T16:35:34+00:00","breadcrumb":{"@id":"https:\/\/www.nexgrip.com\/dev\/boutique\/homme\/urbaine\/ice-james\/#breadcrumb"},"inLanguage":"fr-FR","potentialAction":[{"@type":"ReadAction","target":["https:\/\/www.nexgrip.com\/dev\/boutique\/homme\/urbaine\/ice-james\/"]}]},{"@type":"ImageObject","inLanguage":"fr-FR","@id":"https:\/\/www.nexgrip.com\/dev\/boutique\/homme\/urbaine\/ice-james\/#primaryimage","url":"https:\/\/www.nexgrip.com\/dev\/wp-content\/uploads\/2025\/09\/ICE_JAMES-\u2013-grande-taille.jpeg","contentUrl":"https:\/\/www.nexgrip.com\/dev\/wp-content\/uploads\/2025\/09\/ICE_JAMES-\u2013-grande-taille.jpeg","width":1000,"height":1000},{"@type":"BreadcrumbList","@id":"https:\/\/www.nexgrip.com\/dev\/boutique\/homme\/urbaine\/ice-james\/#breadcrumb","itemListElement":[{"@type":"ListItem","position":1,"name":"Accueil","item":"https:\/\/www.nexgrip.com\/dev\/"},{"@type":"ListItem","position":2,"name":"Boutique","item":"https:\/\/www.nexgrip.com\/dev\/boutique\/"},{"@type":"ListItem","position":3,"name":"Ice James"}]},{"@type":"WebSite","@id":"https:\/\/www.nexgrip.com\/dev\/#website","url":"https:\/\/www.nexgrip.com\/dev\/","name":"NexGrip Canada","description":"Winter Boots","publisher":{"@id":"https:\/\/www.nexgrip.com\/dev\/#organization"},"potentialAction":[{"@type":"SearchAction","target":{"@type":"EntryPoint","urlTemplate":"https:\/\/www.nexgrip.com\/dev\/?s={search_term_string}"},"query-input":{"@type":"PropertyValueSpecification","valueRequired":true,"valueName":"search_term_string"}}],"inLanguage":"fr-FR"},{"@type":"Organization","@id":"https:\/\/www.nexgrip.com\/dev\/#organization","name":"NexGrip Canada","url":"https:\/\/www.nexgrip.com\/dev\/","logo":{"@type":"ImageObject","inLanguage":"fr-FR","@id":"https:\/\/www.nexgrip.com\/dev\/#\/schema\/logo\/image\/","url":"https:\/\/www.nexgrip.com\/dev\/wp-content\/uploads\/2023\/06\/logo-nexgrip.png","contentUrl":"https:\/\/www.nexgrip.com\/dev\/wp-content\/uploads\/2023\/06\/logo-nexgrip.png","width":400,"height":136,"caption":"NexGrip Canada"},"image":{"@id":"https:\/\/www.nexgrip.com\/dev\/#\/schema\/logo\/image\/"}}]}},"_links":{"self":[{"href":"https:\/\/www.nexgrip.com\/dev\/wp-json\/wp\/v2\/product\/6556","targetHints":{"allow":["GET"]}}],"collection":[{"href":"https:\/\/www.nexgrip.com\/dev\/wp-json\/wp\/v2\/product"}],"about":[{"href":"https:\/\/www.nexgrip.com\/dev\/wp-json\/wp\/v2\/types\/product"}],"wp:featuredmedia":[{"embeddable":true,"href":"https:\/\/www.nexgrip.com\/dev\/wp-json\/wp\/v2\/media\/6557"}],"wp:attachment":[{"href":"https:\/\/www.nexgrip.com\/dev\/wp-json\/wp\/v2\/media?parent=6556"}],"wp:term":[{"taxonomy":"product_brand","embeddable":true,"href":"https:\/\/www.nexgrip.com\/dev\/wp-json\/wp\/v2\/product_brand?post=6556"},{"taxonomy":"product_cat","embeddable":true,"href":"https:\/\/www.nexgrip.com\/dev\/wp-json\/wp\/v2\/product_cat?post=6556"},{"taxonomy":"product_tag","embeddable":true,"href":"https:\/\/www.nexgrip.com\/dev\/wp-json\/wp\/v2\/product_tag?post=6556"}],"curies":[{"name":"wp","href":"https:\/\/api.w.org\/{rel}","templated":true}]}}